{"id":189,"date":"2023-07-17T17:53:04","date_gmt":"2023-07-17T20:53:04","guid":{"rendered":"https:\/\/dev.indexvirtual.com\/serhs-pipa\/es\/?page_id=189"},"modified":"2026-01-05T12:25:45","modified_gmt":"2026-01-05T15:25:45","slug":"inicio","status":"publish","type":"page","link":"https:\/\/www.serhsvillasdapipahotel.com\/es\/","title":{"rendered":"Pagina Inicial"},"content":{"rendered":"<p><strong>En el exterior<\/strong><\/p>\n<p>Cada villa dispone de un jard\u00edn privado con c\u00e9sped y piscina, totalmente equipado con barbacoa y ducha exterior. La separaci\u00f3n entre las villas est\u00e1 garantizada por muros ecol\u00f3gicos cubiertos de vegetaci\u00f3n t\u00edpica de la regi\u00f3n. Estos muros alcanzan 1,90 metros en la zona de la piscina, garantizando total privacidad, y 0,50 metros en las dem\u00e1s partes, delimitando los jardines individuales de cada villa.<\/p>\n<p>Cada villa dispone de una plaza de aparcamiento privada.<\/p>\n<p><strong>En el interior<\/strong><\/p>\n<p>Al entrar, los hu\u00e9spedes son recibidos por una veranda con una mesa y c\u00f3modas sillas, que ofrece vistas a la piscina. Esto permite observar, por ejemplo, a los ni\u00f1os divirti\u00e9ndose en el agua o la preparaci\u00f3n de una barbacoa.<\/p>\n<p>En el interior, las villas tienen un ambiente acogedor compuesto por un sof\u00e1 cama, mesa con sillas, alfombra r\u00fastica, TV de 21\u2033, cocina totalmente equipada y un cuarto de ba\u00f1o completo con ducha. Esto facilita darse una ducha r\u00e1pida al volver de la playa, eliminando la necesidad de subir a los dormitorios.<\/p>\n<p>El acceso a la zona superior se realiza a trav\u00e9s de una noble escalera IP de madera maciza. En esta zona, hay dos suites independientes, cada una con una llave individual. Ambas suites est\u00e1n equipadas con ba\u00f1o completo, aire acondicionado, TV (s\u00f3lo en la suite doble) y armarios empotrados.<\/p>\n","protected":false},"excerpt":{"rendered":"<p>En el exterior Cada villa dispone de un jard\u00edn privado con c\u00e9sped y piscina, totalmente equipado con barbacoa y ducha exterior. La separaci\u00f3n entre las villas est\u00e1 garantizada por muros ecol\u00f3gicos cubiertos de vegetaci\u00f3n t\u00edpica de la regi\u00f3n. Estos muros alcanzan 1,90 metros en la zona de la piscina, garantizando total privacidad, y 0,50 metros [&hellip;]<\/p>\n","protected":false},"author":1,"featured_media":435,"parent":0,"menu_order":0,"comment_status":"closed","ping_status":"closed","template":"index.php","meta":{"footnotes":""},"acf":[],"_links":{"self":[{"href":"https:\/\/www.serhsvillasdapipahotel.com\/es\/wp-json\/wp\/v2\/pages\/189"}],"collection":[{"href":"https:\/\/www.serhsvillasdapipahotel.com\/es\/wp-json\/wp\/v2\/pages"}],"about":[{"href":"https:\/\/www.serhsvillasdapipahotel.com\/es\/wp-json\/wp\/v2\/types\/page"}],"author":[{"embeddable":true,"href":"https:\/\/www.serhsvillasdapipahotel.com\/es\/wp-json\/wp\/v2\/users\/1"}],"replies":[{"embeddable":true,"href":"https:\/\/www.serhsvillasdapipahotel.com\/es\/wp-json\/wp\/v2\/comments?post=189"}],"version-history":[{"count":24,"href":"https:\/\/www.serhsvillasdapipahotel.com\/es\/wp-json\/wp\/v2\/pages\/189\/revisions"}],"predecessor-version":[{"id":497,"href":"https:\/\/www.serhsvillasdapipahotel.com\/es\/wp-json\/wp\/v2\/pages\/189\/revisions\/497"}],"wp:featuredmedia":[{"embeddable":true,"href":"https:\/\/www.serhsvillasdapipahotel.com\/es\/wp-json\/wp\/v2\/media\/435"}],"wp:attachment":[{"href":"https:\/\/www.serhsvillasdapipahotel.com\/es\/wp-json\/wp\/v2\/media?parent=189"}],"curies":[{"name":"wp","href":"https:\/\/api.w.org\/{rel}","templated":true}]}}