{"id":182,"date":"2023-07-17T17:39:48","date_gmt":"2023-07-17T20:39:48","guid":{"rendered":"https:\/\/dev.indexvirtual.com\/serhs-pipa\/es\/?page_id=182"},"modified":"2025-08-04T17:38:40","modified_gmt":"2025-08-04T20:38:40","slug":"localizacion","status":"publish","type":"page","link":"https:\/\/www.serhsvillasdapipahotel.com\/es\/localizacion\/","title":{"rendered":"Localizaci\u00f3n"},"content":{"rendered":"<p>Pipa se encuentra a 98 kil\u00f3metros del Aeropuerto Internacional de Natal (NAT) y a 139 kil\u00f3metros del Aeropuerto Internacional de Jo\u00e3o Pessoa (JPA).<\/p>\n<p>Esta ciudad es famosa por sus playas naturales y est\u00e1 considerada una de las m\u00e1s bellas del pa\u00eds. Las playas est\u00e1n rodeadas de dunas de arena blanca, que forman piscinas naturales cuando la marea se retira tras los arrecifes, que act\u00faan como barrera natural, proporcionando un ambiente tranquilo y seguro para el ba\u00f1o de adultos y ni\u00f1os.<\/p>\n","protected":false},"excerpt":{"rendered":"<p>Pipa se encuentra a 98 kil\u00f3metros del Aeropuerto Internacional de Natal (NAT) y a 139 kil\u00f3metros del Aeropuerto Internacional de Jo\u00e3o Pessoa (JPA). Esta ciudad es famosa por sus playas naturales y est\u00e1 considerada una de las m\u00e1s bellas del pa\u00eds. Las playas est\u00e1n rodeadas de dunas de arena blanca, que forman piscinas naturales cuando [&hellip;]<\/p>\n","protected":false},"author":1,"featured_media":435,"parent":0,"menu_order":0,"comment_status":"closed","ping_status":"closed","template":"page-localization.php","meta":{"footnotes":""},"acf":[],"_links":{"self":[{"href":"https:\/\/www.serhsvillasdapipahotel.com\/es\/wp-json\/wp\/v2\/pages\/182"}],"collection":[{"href":"https:\/\/www.serhsvillasdapipahotel.com\/es\/wp-json\/wp\/v2\/pages"}],"about":[{"href":"https:\/\/www.serhsvillasdapipahotel.com\/es\/wp-json\/wp\/v2\/types\/page"}],"author":[{"embeddable":true,"href":"https:\/\/www.serhsvillasdapipahotel.com\/es\/wp-json\/wp\/v2\/users\/1"}],"replies":[{"embeddable":true,"href":"https:\/\/www.serhsvillasdapipahotel.com\/es\/wp-json\/wp\/v2\/comments?post=182"}],"version-history":[{"count":5,"href":"https:\/\/www.serhsvillasdapipahotel.com\/es\/wp-json\/wp\/v2\/pages\/182\/revisions"}],"predecessor-version":[{"id":458,"href":"https:\/\/www.serhsvillasdapipahotel.com\/es\/wp-json\/wp\/v2\/pages\/182\/revisions\/458"}],"wp:featuredmedia":[{"embeddable":true,"href":"https:\/\/www.serhsvillasdapipahotel.com\/es\/wp-json\/wp\/v2\/media\/435"}],"wp:attachment":[{"href":"https:\/\/www.serhsvillasdapipahotel.com\/es\/wp-json\/wp\/v2\/media?parent=182"}],"curies":[{"name":"wp","href":"https:\/\/api.w.org\/{rel}","templated":true}]}}