{"id":196,"date":"2023-07-18T08:39:37","date_gmt":"2023-07-18T11:39:37","guid":{"rendered":"https:\/\/dev.indexvirtual.com\/serhs-pipa\/en\/?page_id=196"},"modified":"2026-01-05T12:22:32","modified_gmt":"2026-01-05T15:22:32","slug":"acomodations-villas-superior-and-nupcial","status":"publish","type":"page","link":"https:\/\/www.serhsvillasdapipahotel.com\/en\/","title":{"rendered":"Pagina Inicial"},"content":{"rendered":"<p><strong><span style=\"vertical-align: inherit;\"><span style=\"vertical-align: inherit;\">Externo<\/span><\/span><\/strong><\/p>\n<p><span style=\"vertical-align: inherit;\"><span style=\"vertical-align: inherit;\">Cada moradia disp\u00f5e de um jardim privado com relvado e piscina, totalmente equipada com churrasqueira e duche exterior. <\/span><span style=\"vertical-align: inherit;\">A separa\u00e7\u00e3o entre as moradias \u00e9 garantida por muros ecol\u00f3gicos cobertos por vegeta\u00e7\u00e3o t\u00edpica da regi\u00e3o. <\/span><span style=\"vertical-align: inherit;\">Estas paredes atingem 1,90m na \u200b\u200bzona da piscina, garantindo total privacidade, e 0,50m nas restantes partes, delimitando os jardins individuais de cada moradia.<\/span><\/span><\/p>\n<p><span style=\"vertical-align: inherit;\"><span style=\"vertical-align: inherit;\">Cada moradia oferece um lugar de estacionamento privado para o ve\u00edculo.<\/span><\/span><\/p>\n<p><strong><span style=\"vertical-align: inherit;\"><span style=\"vertical-align: inherit;\">Interior<\/span><\/span><\/strong><\/p>\n<p><span style=\"vertical-align: inherit;\"><span style=\"vertical-align: inherit;\">Ao entrar, os h\u00f3spedes s\u00e3o recebidos por uma varanda com mesa e cadeiras confort\u00e1veis, proporcionando vista para a piscina. <\/span><span style=\"vertical-align: inherit;\">Isto permite observar, por exemplo, crian\u00e7as se divertindo na \u00e1gua ou preparando um churrasco.<\/span><\/span><\/p>\n<p><span style=\"vertical-align: inherit;\"><span style=\"vertical-align: inherit;\">No interior, as moradias apresentam um ambiente acolhedor, composto por sof\u00e1-cama, mesa com cadeiras, tapete r\u00fastico, TV 21\u2033, cozinha totalmente equipada e casa de banho completa com poliban. <\/span><span style=\"vertical-align: inherit;\">Esse layout facilita um banho r\u00e1pido no retorno da praia, dispensando a necessidade de subir at\u00e9 os quartos.<\/span><\/span><\/p>\n<p><span style=\"vertical-align: inherit;\"><span style=\"vertical-align: inherit;\">O acesso \u00e0 parte superior \u00e9 feito por uma escada em madeira nobre e maci\u00e7a em IP. <\/span><span style=\"vertical-align: inherit;\">Nesta \u00e1rea existem duas su\u00edtes independentes, cada uma com chave individual. <\/span><span style=\"vertical-align: inherit;\">Ambas as suites est\u00e3o equipadas com casa de banho completa, ar condicionado, TV (apenas na suite dupla) e cacifos.<\/span><\/span><\/p>\n<p><span style=\"vertical-align: inherit;\"><span style=\"vertical-align: inherit;\">Todas as moradias s\u00e3o constru\u00eddas com materiais nobres de madeira maci\u00e7a (Ip\u00ea e Sucupira), devidamente autorizados pelo IDEMA (Secretaria de Meio Ambiente).<\/span><\/span><\/p>\n<p><span style=\"vertical-align: inherit;\"><span style=\"vertical-align: inherit;\">Comprometidos com a preserva\u00e7\u00e3o ambiental, adaptamos nossa constru\u00e7\u00e3o para preservar as \u00e1rvores frut\u00edferas j\u00e1 existentes no terreno, como coqueiros, mangueiras, limoeiros, cajueiros, bananeiras, entre outras, proporcionando um ambiente ainda mais natural.<\/span><\/span><\/p>\n","protected":false},"excerpt":{"rendered":"<p>Externo Cada moradia disp\u00f5e de um jardim privado com relvado e piscina, totalmente equipada com churrasqueira e duche exterior. A separa\u00e7\u00e3o entre as moradias \u00e9 garantida por muros ecol\u00f3gicos cobertos por vegeta\u00e7\u00e3o t\u00edpica da regi\u00e3o. Estas paredes atingem 1,90m na \u200b\u200bzona da piscina, garantindo total privacidade, e 0,50m nas restantes partes, delimitando os jardins individuais [&hellip;]<\/p>\n","protected":false},"author":1,"featured_media":470,"parent":0,"menu_order":0,"comment_status":"closed","ping_status":"closed","template":"index.php","meta":{"footnotes":""},"acf":[],"_links":{"self":[{"href":"https:\/\/www.serhsvillasdapipahotel.com\/en\/wp-json\/wp\/v2\/pages\/196"}],"collection":[{"href":"https:\/\/www.serhsvillasdapipahotel.com\/en\/wp-json\/wp\/v2\/pages"}],"about":[{"href":"https:\/\/www.serhsvillasdapipahotel.com\/en\/wp-json\/wp\/v2\/types\/page"}],"author":[{"embeddable":true,"href":"https:\/\/www.serhsvillasdapipahotel.com\/en\/wp-json\/wp\/v2\/users\/1"}],"replies":[{"embeddable":true,"href":"https:\/\/www.serhsvillasdapipahotel.com\/en\/wp-json\/wp\/v2\/comments?post=196"}],"version-history":[{"count":26,"href":"https:\/\/www.serhsvillasdapipahotel.com\/en\/wp-json\/wp\/v2\/pages\/196\/revisions"}],"predecessor-version":[{"id":552,"href":"https:\/\/www.serhsvillasdapipahotel.com\/en\/wp-json\/wp\/v2\/pages\/196\/revisions\/552"}],"wp:featuredmedia":[{"embeddable":true,"href":"https:\/\/www.serhsvillasdapipahotel.com\/en\/wp-json\/wp\/v2\/media\/470"}],"wp:attachment":[{"href":"https:\/\/www.serhsvillasdapipahotel.com\/en\/wp-json\/wp\/v2\/media?parent=196"}],"curies":[{"name":"wp","href":"https:\/\/api.w.org\/{rel}","templated":true}]}}