{"id":193,"date":"2023-07-18T08:40:57","date_gmt":"2023-07-18T11:40:57","guid":{"rendered":"https:\/\/dev.indexvirtual.com\/serhs-pipa\/ca\/?page_id=193"},"modified":"2026-01-05T12:29:09","modified_gmt":"2026-01-05T15:29:09","slug":"inicio","status":"publish","type":"page","link":"https:\/\/www.serhsvillasdapipahotel.com\/ca\/","title":{"rendered":"P\u00e0gina Inicial"},"content":{"rendered":"<p><strong>Exterior<\/strong><\/p>\n<p>Cada vila presenta un jard\u00ed privat amb gespa i piscina, totalment equipat amb barbacoa i dutxa a l\u2019aire lliure. La separaci\u00f3 entre les viles est\u00e0 garantida per parets ecol\u00f2giques cobertes per vegetaci\u00f3 t\u00edpica de la regi\u00f3. Aquestes parets arriben a 1,90 m a la zona de la piscina, assegurant total privacitat, i 0,50 m a les altres parts, delimitant els jardins individuals de cada vila.<\/p>\n<p>Cada vila ofereix un espai privat per estacionar el vehicle.<\/p>\n<p><strong>Interior<\/strong><\/p>\n<p>En entrar, els hostes s\u00f3n rebuts per una terrassa amb taula i cadires c\u00f2modes, oferint una vista a la piscina. Aix\u00f2 permet observar, per exemple, els nens divertint-se a l\u2019aigua o la preparaci\u00f3 d\u2019una barbacoa.<\/p>\n<p>A l\u2019interior, les viles tenen un ambient acollidor, format per un sof\u00e0 llit, taula amb cadires, catifa r\u00fastica, TV de 21\u2033, cuina americana totalment equipada i un bany complet amb dutxa. Aquesta disposici\u00f3 facilita una dutxa r\u00e0pida en tornar de la platja, eliminant la necessitat de pujar a les habitacions.<\/p>\n<p>L\u2019acc\u00e9s a la part superior es fa per una escala de fusta noble i massissa en IP. En aquesta zona, hi ha dues suites independents, cadascuna amb clau individual. Totes dues suites estan equipades amb bany complet, aire condicionat, TV (nom\u00e9s a la suite de matrimoni) i armaris.<\/p>\n<p>Totes les viles estan constru\u00efdes amb materials nobles de fusta massissa (Ip\u00ea i Sucupira), degudament autoritzats per l\u2019IDEMA (Departament de Medi Ambient).<\/p>\n<p>Compromesos amb la preservaci\u00f3 ambiental, hem adaptat la nostra construcci\u00f3 per preservar els arbres fruiters ja existents al terreny, com ara palmeres, mangranes, llimoners.<\/p>\n","protected":false},"excerpt":{"rendered":"<p>Exterior Cada vila presenta un jard\u00ed privat amb gespa i piscina, totalment equipat amb barbacoa i dutxa a l\u2019aire lliure. La separaci\u00f3 entre les viles est\u00e0 garantida per parets ecol\u00f2giques cobertes per vegetaci\u00f3 t\u00edpica de la regi\u00f3. Aquestes parets arriben a 1,90 m a la zona de la piscina, assegurant total privacitat, i 0,50 m [&hellip;]<\/p>\n","protected":false},"author":1,"featured_media":468,"parent":0,"menu_order":0,"comment_status":"closed","ping_status":"closed","template":"index.php","meta":{"footnotes":""},"acf":[],"_links":{"self":[{"href":"https:\/\/www.serhsvillasdapipahotel.com\/ca\/wp-json\/wp\/v2\/pages\/193"}],"collection":[{"href":"https:\/\/www.serhsvillasdapipahotel.com\/ca\/wp-json\/wp\/v2\/pages"}],"about":[{"href":"https:\/\/www.serhsvillasdapipahotel.com\/ca\/wp-json\/wp\/v2\/types\/page"}],"author":[{"embeddable":true,"href":"https:\/\/www.serhsvillasdapipahotel.com\/ca\/wp-json\/wp\/v2\/users\/1"}],"replies":[{"embeddable":true,"href":"https:\/\/www.serhsvillasdapipahotel.com\/ca\/wp-json\/wp\/v2\/comments?post=193"}],"version-history":[{"count":29,"href":"https:\/\/www.serhsvillasdapipahotel.com\/ca\/wp-json\/wp\/v2\/pages\/193\/revisions"}],"predecessor-version":[{"id":545,"href":"https:\/\/www.serhsvillasdapipahotel.com\/ca\/wp-json\/wp\/v2\/pages\/193\/revisions\/545"}],"wp:featuredmedia":[{"embeddable":true,"href":"https:\/\/www.serhsvillasdapipahotel.com\/ca\/wp-json\/wp\/v2\/media\/468"}],"wp:attachment":[{"href":"https:\/\/www.serhsvillasdapipahotel.com\/ca\/wp-json\/wp\/v2\/media?parent=193"}],"curies":[{"name":"wp","href":"https:\/\/api.w.org\/{rel}","templated":true}]}}