{"id":184,"date":"2023-07-17T17:50:24","date_gmt":"2023-07-17T20:50:24","guid":{"rendered":"https:\/\/dev.indexvirtual.com\/serhs-pipa\/ca\/?page_id=184"},"modified":"2025-08-05T18:19:22","modified_gmt":"2025-08-05T21:19:22","slug":"habitacions","status":"publish","type":"page","link":"https:\/\/www.serhsvillasdapipahotel.com\/ca\/habitacions\/","title":{"rendered":"Habitacions"},"content":{"rendered":"<div class=\"flex-1 overflow-hidden\">\n<div class=\"react-scroll-to-bottom--css-dklgf-79elbk h-full\">\n<div class=\"react-scroll-to-bottom--css-dklgf-1n7m0yu\">\n<div class=\"flex flex-col pb-9 text-sm\">\n<div class=\"w-full text-token-text-primary\" data-testid=\"conversation-turn-3\">\n<div class=\"px-4 py-2 justify-center text-base md:gap-6 m-auto\">\n<div class=\"flex flex-1 text-base mx-auto gap-3 md:px-5 lg:px-1 xl:px-5 md:max-w-3xl lg:max-w-[40rem] xl:max-w-[48rem] group final-completion\">\n<div class=\"relative flex w-full flex-col lg:w-[calc(100%-115px)] agent-turn\">\n<div class=\"flex-col gap-1 md:gap-3\">\n<div class=\"flex flex-grow flex-col max-w-full\">\n<div class=\"min-h-[20px] text-message flex flex-col items-start gap-3 whitespace-pre-wrap break-words [.text-message+&amp;]:mt-5 overflow-x-auto\" data-message-author-role=\"assistant\" data-message-id=\"719d3cf4-1786-44c0-9c67-1cf160b882f8\">\n<div class=\"markdown prose w-full break-words dark:prose-invert light\">\n<p><strong>Exterior<\/strong><\/p>\n<p>Cada vila presenta un jard\u00ed privat amb gespa i piscina, totalment equipat amb barbacoa i dutxa a l&#8217;aire lliure. La separaci\u00f3 entre les viles est\u00e0 garantida per parets ecol\u00f2giques cobertes per vegetaci\u00f3 t\u00edpica de la regi\u00f3. Aquestes parets arriben a 1,90 m a la zona de la piscina, assegurant total privacitat, i 0,50 m a les altres parts, delimitant els jardins individuals de cada vila.<\/p>\n<p>Cada vila ofereix un espai privat per estacionar el vehicle.<\/p>\n<p><strong>Interior<\/strong><\/p>\n<p>En entrar, els hostes s\u00f3n rebuts per una terrassa amb taula i cadires c\u00f2modes, oferint una vista a la piscina. Aix\u00f2 permet observar, per exemple, els nens divertint-se a l&#8217;aigua o la preparaci\u00f3 d&#8217;una barbacoa.<\/p>\n<p>A l&#8217;interior, les viles tenen un ambient acollidor, format per un sof\u00e0 llit, taula amb cadires, catifa r\u00fastica, TV de 21&#8243;, cuina americana totalment equipada i un bany complet amb dutxa. Aquesta disposici\u00f3 facilita una dutxa r\u00e0pida en tornar de la platja, eliminant la necessitat de pujar a les habitacions.<\/p>\n<p>L&#8217;acc\u00e9s a la part superior es fa per una escala de fusta noble i massissa en IP. En aquesta zona, hi ha dues suites independents, cadascuna amb clau individual. Totes dues suites estan equipades amb bany complet, aire condicionat, TV (nom\u00e9s a la suite de matrimoni) i armaris.<\/p>\n<p>Totes les viles estan constru\u00efdes amb materials nobles de fusta massissa (Ip\u00ea i Sucupira), degudament autoritzats per l&#8217;IDEMA (Departament de Medi Ambient).<\/p>\n<p>Compromesos amb la preservaci\u00f3 ambiental, hem adaptat la nostra construcci\u00f3 per preservar els arbres fruiters ja existents al terreny, com ara palmeres, mangranes, llimoners.<\/p>\n<\/div>\n<\/div>\n<\/div>\n<div class=\"mt-1 flex justify-start gap-3 empty:hidden\">\n<div class=\"text-gray-400 flex self-end lg:self-center justify-center lg:justify-start mt-0 -ml-1 visible\"><\/div>\n<\/div>\n<\/div>\n<\/div>\n<\/div>\n<\/div>\n<\/div>\n<\/div>\n<\/div>\n<\/div>\n<\/div>\n","protected":false},"excerpt":{"rendered":"<p>Exterior Cada vila presenta un jard\u00ed privat amb gespa i piscina, totalment equipat amb barbacoa i dutxa a l&#8217;aire lliure. La separaci\u00f3 entre les viles est\u00e0 garantida per parets ecol\u00f2giques cobertes per vegetaci\u00f3 t\u00edpica de la regi\u00f3. Aquestes parets arriben a 1,90 m a la zona de la piscina, assegurant total privacitat, i 0,50 m [&hellip;]<\/p>\n","protected":false},"author":1,"featured_media":481,"parent":0,"menu_order":0,"comment_status":"closed","ping_status":"closed","template":"page-villas.php","meta":{"footnotes":""},"acf":[],"_links":{"self":[{"href":"https:\/\/www.serhsvillasdapipahotel.com\/ca\/wp-json\/wp\/v2\/pages\/184"}],"collection":[{"href":"https:\/\/www.serhsvillasdapipahotel.com\/ca\/wp-json\/wp\/v2\/pages"}],"about":[{"href":"https:\/\/www.serhsvillasdapipahotel.com\/ca\/wp-json\/wp\/v2\/types\/page"}],"author":[{"embeddable":true,"href":"https:\/\/www.serhsvillasdapipahotel.com\/ca\/wp-json\/wp\/v2\/users\/1"}],"replies":[{"embeddable":true,"href":"https:\/\/www.serhsvillasdapipahotel.com\/ca\/wp-json\/wp\/v2\/comments?post=184"}],"version-history":[{"count":8,"href":"https:\/\/www.serhsvillasdapipahotel.com\/ca\/wp-json\/wp\/v2\/pages\/184\/revisions"}],"predecessor-version":[{"id":503,"href":"https:\/\/www.serhsvillasdapipahotel.com\/ca\/wp-json\/wp\/v2\/pages\/184\/revisions\/503"}],"wp:featuredmedia":[{"embeddable":true,"href":"https:\/\/www.serhsvillasdapipahotel.com\/ca\/wp-json\/wp\/v2\/media\/481"}],"wp:attachment":[{"href":"https:\/\/www.serhsvillasdapipahotel.com\/ca\/wp-json\/wp\/v2\/media?parent=184"}],"curies":[{"name":"wp","href":"https:\/\/api.w.org\/{rel}","templated":true}]}}